{"id":9888,"date":"2018-05-24T09:36:45","date_gmt":"2018-05-24T07:36:45","guid":{"rendered":"https:\/\/parkinsonysalud.neuronadigital.es\/politica-de-privacidad\/"},"modified":"2025-12-16T11:44:25","modified_gmt":"2025-12-16T09:44:25","slug":"politica-de-privacidade","status":"publish","type":"page","link":"https:\/\/parkinsonysalud.neuronadigital.es\/pt-pt\/politica-de-privacidade\/","title":{"rendered":"Pol\u00edtica de Privacidade"},"content":{"rendered":"\t\t<div data-elementor-type=\"wp-page\" data-elementor-id=\"9888\" class=\"elementor elementor-9888 elementor-1848\" data-elementor-post-type=\"page\">\n\t\t\t\t<div class=\"elementor-element elementor-element-58bed1bb e-con-full e-flex e-con e-parent\" data-id=\"58bed1bb\" data-element_type=\"container\" data-e-type=\"container\" data-settings=\"{&quot;background_background&quot;:&quot;classic&quot;}\">\n\t\t<div class=\"elementor-element elementor-element-dd3c45f e-con-full e-flex e-con e-child\" data-id=\"dd3c45f\" data-element_type=\"container\" data-e-type=\"container\">\n\t\t<div class=\"elementor-element elementor-element-10717737 e-con-full e-flex e-con e-child\" data-id=\"10717737\" data-element_type=\"container\" data-e-type=\"container\">\n\t\t<div class=\"elementor-element elementor-element-187381b9 e-con-full e-flex e-con e-child\" data-id=\"187381b9\" data-element_type=\"container\" data-e-type=\"container\">\n\t\t\t\t<div class=\"elementor-element elementor-element-7c8d2981 elementor-widget elementor-widget-heading\" data-id=\"7c8d2981\" data-element_type=\"widget\" data-e-type=\"widget\" data-widget_type=\"heading.default\">\n\t\t\t\t<div class=\"elementor-widget-container\">\n\t\t\t\t\t<h1 class=\"elementor-heading-title elementor-size-default\">Pol\u00edtica de Privacidade<\/h1>\t\t\t\t<\/div>\n\t\t\t\t<\/div>\n\t\t\t\t<\/div>\n\t\t\t\t<\/div>\n\t\t\t\t<\/div>\n\t\t\t\t<\/div>\n\t\t<div class=\"elementor-element elementor-element-73ae9716 e-flex e-con-boxed e-con e-parent\" data-id=\"73ae9716\" data-element_type=\"container\" data-e-type=\"container\" data-settings=\"{&quot;background_background&quot;:&quot;classic&quot;}\">\n\t\t\t\t\t<div class=\"e-con-inner\">\n\t\t<div class=\"elementor-element elementor-element-6aa81378 e-con-full e-flex e-con e-child\" data-id=\"6aa81378\" data-element_type=\"container\" data-e-type=\"container\">\n\t\t<div class=\"elementor-element elementor-element-19b86662 e-con-full e-flex e-con e-child\" data-id=\"19b86662\" data-element_type=\"container\" data-e-type=\"container\">\n\t\t<div class=\"elementor-element elementor-element-37c83555 e-con-full e-flex e-con e-child\" data-id=\"37c83555\" data-element_type=\"container\" data-e-type=\"container\">\n\t\t\t\t<div class=\"elementor-element elementor-element-325afbf4 elementor-widget__width-auto elementor-widget-divider--view-line elementor-widget elementor-widget-divider\" data-id=\"325afbf4\" data-element_type=\"widget\" data-e-type=\"widget\" data-widget_type=\"divider.default\">\n\t\t\t\t<div class=\"elementor-widget-container\">\n\t\t\t\t\t\t\t<div class=\"elementor-divider\">\n\t\t\t<span class=\"elementor-divider-separator\">\n\t\t\t\t\t\t<\/span>\n\t\t<\/div>\n\t\t\t\t\t\t<\/div>\n\t\t\t\t<\/div>\n\t\t\t\t<\/div>\n\t\t\t\t<\/div>\n\t\t\t\t<\/div>\n\t\t\t\t\t<\/div>\n\t\t\t\t<\/div>\n\t\t<div class=\"elementor-element elementor-element-213aa0a4 e-flex e-con-boxed e-con e-parent\" data-id=\"213aa0a4\" data-element_type=\"container\" data-e-type=\"container\">\n\t\t\t\t\t<div class=\"e-con-inner\">\n\t\t\t\t<div class=\"elementor-element elementor-element-4df04f66 elementor-widget elementor-widget-text-editor\" data-id=\"4df04f66\" data-element_type=\"widget\" data-e-type=\"widget\" data-widget_type=\"text-editor.default\">\n\t\t\t\t<div class=\"elementor-widget-container\">\n\t\t\t\t\t\t\t\t\t<strong>1. INFORMA\u00c7\u00c3O AO UTILIZADOR<\/strong>\r\n\r\n<strong>Quem \u00e9 o respons\u00e1vel pelo tratamento dos seus dados pessoais?<\/strong>\r\n\r\n<strong>O Parkinson y Salud S.L<\/strong>. \u00e9 o RESPONS\u00c1VEL pelo tratamento dos dados pessoais do UTILIZADOR e informa que estes dados ser\u00e3o tratados em conformidade com o disposto no Regulamento (UE) 2016\/679, de 27 de abril (RGPD), e a Lei Org\u00e2nica 3\/2018, de 5 de dezembro (LOPDGDD).\r\n\r\n<strong>Para que finalidades tratamos os seus dados pessoais e por que o fazemos?<\/strong>\r\n\r\nDe acordo com o formul\u00e1rio onde obtivemos os seus dados pessoais, estes ser\u00e3o tratados de forma confidencial para atingir as seguintes finalidades:\r\n\r\nNo formul\u00e1rio <b>Contacto<\/b>\r\n<ul>\r\n \t<li>Dar resposta \u00e0s consultas ou a qualquer tipo de pedido realizado pelo utilizador atrav\u00e9s de qualquer uma das formas de contacto disponibilizadas no website do respons\u00e1vel. (<i>Pelo interesse leg\u00edtimo do respons\u00e1vel, art. 6.1.f RGPD)<\/i><\/li>\r\n \t<li>Enviar comunica\u00e7\u00f5es comerciais publicit\u00e1rias por e-mail, fax, SMS, MMS, redes sociais ou qualquer outro meio eletr\u00f3nico ou f\u00edsico, presente ou futuro, que possibilite realizar comunica\u00e7\u00f5es comerciais. Estas comunica\u00e7\u00f5es ser\u00e3o realizadas pelo respons\u00e1vel e estar\u00e3o relacionadas com os seus produtos e servi\u00e7os, ou dos seus colaboradores ou fornecedores, com os quais tenha alcan\u00e7ado algum acordo de promo\u00e7\u00e3o. Neste caso, terceiros nunca ter\u00e3o acesso aos dados pessoais. <i>(Pelo consentimento do interessado, 6.1.a RGPD)<\/i>  <\/li>\r\n \t<li>Realizar an\u00e1lises estat\u00edsticas e estudos de mercado. <i>(Pelo interesse leg\u00edtimo do respons\u00e1vel, art. 6.1.f RGPD)<\/i><\/li>\r\n<\/ul>\r\n<h2>No formul\u00e1rio <b>Contacto<\/b><\/h2>\r\n<ul>\r\n \t<li>Dar resposta \u00e0s consultas ou a qualquer tipo de pedido realizado pelo utilizador atrav\u00e9s de qualquer uma das formas de contacto disponibilizadas no website do respons\u00e1vel. (<i>Pelo interesse leg\u00edtimo do respons\u00e1vel, art. 6.1.f RGPD)<\/i><\/li>\r\n \t<li>Enviar comunica\u00e7\u00f5es comerciais publicit\u00e1rias por e-mail, fax, SMS, MMS, redes sociais ou qualquer outro meio eletr\u00f3nico ou f\u00edsico, presente ou futuro, que possibilite realizar comunica\u00e7\u00f5es comerciais. Estas comunica\u00e7\u00f5es ser\u00e3o realizadas pelo respons\u00e1vel e estar\u00e3o relacionadas com os seus produtos e servi\u00e7os, ou dos seus colaboradores ou fornecedores, com os quais tenha alcan\u00e7ado algum acordo de promo\u00e7\u00e3o. Neste caso, terceiros nunca ter\u00e3o acesso aos dados pessoais. <i>(Pelo consentimento do interessado, 6.1.a RGPD)<\/i>  <\/li>\r\n \t<li>Realizar an\u00e1lises estat\u00edsticas e estudos de mercado. <i>(Pelo interesse leg\u00edtimo do respons\u00e1vel, art. 6.1.f RGPD)<\/i><\/li>\r\n<\/ul>\r\n&nbsp;\r\n\r\n<strong>Durante quanto tempo guardaremos os seus dados pessoais?<\/strong>\r\n\r\nOs dados ser\u00e3o conservados durante o tempo estritamente necess\u00e1rio para manter a finalidade do tratamento ou enquanto existirem prescri\u00e7\u00f5es legais que determinem a sua cust\u00f3dia. Quando deixarem de ser necess\u00e1rios, ser\u00e3o eliminados com medidas de seguran\u00e7a adequadas para garantir a anonimiza\u00e7\u00e3o ou a destrui\u00e7\u00e3o total dos mesmos.\r\n\r\n<strong>A quem facultamos os seus dados pessoais?<\/strong>\r\n\r\nN\u00e3o est\u00e1 prevista nenhuma comunica\u00e7\u00e3o de dados pessoais a terceiros, exceto se for necess\u00e1rio para o desenvolvimento e execu\u00e7\u00e3o das finalidades do tratamento, aos nossos fornecedores de servi\u00e7os relacionados com comunica\u00e7\u00f5es, com os quais o RESPONS\u00c1VEL tem subscritos os contratos de confidencialidade e de encarregado de tratamento exigidos pela normativa de privacidade em vigor.\r\n\r\n<strong>Quais s\u00e3o os seus direitos?<\/strong>\r\n\r\nOs direitos que assistem ao UTILIZADOR s\u00e3o:\r\n<ul>\r\n \t<li>Direito a retirar o consentimento em qualquer momento.<\/li>\r\n \t<li>Direito de acesso, retifica\u00e7\u00e3o, portabilidade e elimina\u00e7\u00e3o dos seus dados, e de limita\u00e7\u00e3o ou oposi\u00e7\u00e3o ao seu tratamento.<\/li>\r\n \t<li>Direito a apresentar uma reclama\u00e7\u00e3o perante a autoridade de controlo (www.aepd.es) se considerar que o tratamento n\u00e3o se ajusta \u00e0 normativa em vigor.<\/li>\r\n<\/ul>\r\n<strong>Dados de contacto para exercer os seus direitos:<\/strong>\r\n\r\nParkinson y Salud S.L. Calle La Floresta, 18 Bajo \u2013 46022 Val\u00eancia (Val\u00e8ncia). E-mail: alfredo@weracu.org  \r\n\r\n<strong>2. NATUREZA OBRIGAT\u00d3RIA OU FACULTATIVA DA INFORMA\u00c7\u00c3O FORNECIDA PELO UTILIZADOR<\/strong>\r\n\r\nLos USUARIOS, mediante la marcaci\u00f3n de las casillas correspondientes y la entrada de datos en los campos, marcados con un asterisco (*) en el formulario de contacto o presentados en formularios de descarga, aceptan expresamente y de forma libre e inequ\u00edvoca, que sus datos son necesarios para atender su petici\u00f3n, por parte del prestador, siendo voluntaria la inclusi\u00f3n de datos en los campos restantes. El USUARIO garantiza que los datos personales facilitados al RESPONSABLE son veraces y se hace responsable de comunicar cualquier modificaci\u00f3n de los mismos. \r\n\r\nO RESPONS\u00c1VEL informa que todos os dados solicitados atrav\u00e9s do website s\u00e3o obrigat\u00f3rios, pois s\u00e3o necess\u00e1rios para a presta\u00e7\u00e3o de um servi\u00e7o ideal ao UTILIZADOR. Caso n\u00e3o sejam fornecidos todos os dados, n\u00e3o \u00e9 garantido que a informa\u00e7\u00e3o e os servi\u00e7os fornecidos se ajustem completamente \u00e0s suas necessidades. \r\n\r\n<strong>3. MEDIDAS DE SEGURAN\u00c7A<\/strong>\r\n\r\nEm conformidade com o disposto nas normas vigentes de prote\u00e7\u00e3o de dados pessoais, o RESPONS\u00c1VEL est\u00e1 a cumprir com todas as disposi\u00e7\u00f5es das normas RGPD e LOPDGDD para o tratamento dos dados pessoais sob a sua responsabilidade, e manifestamente com os princ\u00edpios descritos no artigo 5.\u00ba do RGPD, pelos quais s\u00e3o tratados de forma l\u00edcita, leal e transparente em rela\u00e7\u00e3o ao interessado, sendo adequados, pertinentes e limitados ao necess\u00e1rio em rela\u00e7\u00e3o \u00e0s finalidades para as quais s\u00e3o tratados.\r\n\r\nO RESPONS\u00c1VEL garante que implementou pol\u00edticas t\u00e9cnicas e organizativas apropriadas para aplicar as medidas de seguran\u00e7a que o RGPD e a LOPDGDD estabelecem, a fim de proteger os direitos e liberdades dos UTILIZADORES, e comunicou-lhes a informa\u00e7\u00e3o adequada para que possam exerc\u00ea-los.\r\n\r\nPara mais informa\u00e7\u00f5es sobre as garantias de privacidade, pode contactar<b> <\/b>o RESPONS\u00c1VEL atrav\u00e9s de Parkinson y Salud S.L. Calle La Floresta, 18 Bajo \u2013 46022 Val\u00eancia (Val\u00e8ncia). E-mail: alfredo@weracu.org.  \t\t\t\t\t\t\t\t<\/div>\n\t\t\t\t<\/div>\n\t\t\t\t\t<\/div>\n\t\t\t\t<\/div>\n\t\t<div class=\"elementor-element elementor-element-1ddccb7 e-flex e-con-boxed e-con e-parent\" data-id=\"1ddccb7\" data-element_type=\"container\" data-e-type=\"container\">\n\t\t\t\t\t<div class=\"e-con-inner\">\n\t\t\t\t<div class=\"elementor-element elementor-element-00390a5 elementor-widget-divider--view-line elementor-widget elementor-widget-divider\" data-id=\"00390a5\" data-element_type=\"widget\" data-e-type=\"widget\" data-widget_type=\"divider.default\">\n\t\t\t\t<div class=\"elementor-widget-container\">\n\t\t\t\t\t\t\t<div class=\"elementor-divider\">\n\t\t\t<span class=\"elementor-divider-separator\">\n\t\t\t\t\t\t<\/span>\n\t\t<\/div>\n\t\t\t\t\t\t<\/div>\n\t\t\t\t<\/div>\n\t\t\t\t\t<\/div>\n\t\t\t\t<\/div>\n\t\t\t\t<\/div>\n\t\t","protected":false},"excerpt":{"rendered":"<p>Pol\u00edtica de Privacidade 1. INFORMA\u00c7\u00c3O AO UTILIZADOR Quem \u00e9 o respons\u00e1vel pelo tratamento dos seus dados pessoais? O Parkinson y Salud S.L. \u00e9 o RESPONS\u00c1VEL pelo tratamento dos dados pessoais do UTILIZADOR e informa que estes dados ser\u00e3o tratados em conformidade com o disposto no Regulamento (UE) 2016\/679, de 27 de abril (RGPD), e a [&hellip;]<\/p>\n","protected":false},"author":1,"featured_media":0,"parent":0,"menu_order":0,"comment_status":"closed","ping_status":"closed","template":"elementor_header_footer","meta":{"site-sidebar-layout":"no-sidebar","site-content-layout":"","ast-site-content-layout":"normal-width-container","site-content-style":"default","site-sidebar-style":"default","ast-global-header-display":"","ast-banner-title-visibility":"","ast-main-header-display":"","ast-hfb-above-header-display":"","ast-hfb-below-header-display":"","ast-hfb-mobile-header-display":"","site-post-title":"","ast-breadcrumbs-content":"","ast-featured-img":"","footer-sml-layout":"","ast-disable-related-posts":"","theme-transparent-header-meta":"default","adv-header-id-meta":"","stick-header-meta":"default","header-above-stick-meta":"","header-main-stick-meta":"","header-below-stick-meta":"","astra-migrate-meta-layouts":"set","ast-page-background-enabled":"default","ast-page-background-meta":{"desktop":{"background-color":"","background-image":"","background-repeat":"repeat","background-position":"center center","background-size":"auto","background-attachment":"scroll","background-type":"","background-media":"","overlay-type":"","overlay-color":"","overlay-opacity":"","overlay-gradient":""},"tablet":{"background-color":"","background-image":"","background-repeat":"repeat","background-position":"center center","background-size":"auto","background-attachment":"scroll","background-type":"","background-media":"","overlay-type":"","overlay-color":"","overlay-opacity":"","overlay-gradient":""},"mobile":{"background-color":"","background-image":"","background-repeat":"repeat","background-position":"center center","background-size":"auto","background-attachment":"scroll","background-type":"","background-media":"","overlay-type":"","overlay-color":"","overlay-opacity":"","overlay-gradient":""}},"ast-content-background-meta":{"desktop":{"background-color":"var(--ast-global-color-5)","background-image":"","background-repeat":"repeat","background-position":"center center","background-size":"auto","background-attachment":"scroll","background-type":"","background-media":"","overlay-type":"","overlay-color":"","overlay-opacity":"","overlay-gradient":""},"tablet":{"background-color":"var(--ast-global-color-5)","background-image":"","background-repeat":"repeat","background-position":"center center","background-size":"auto","background-attachment":"scroll","background-type":"","background-media":"","overlay-type":"","overlay-color":"","overlay-opacity":"","overlay-gradient":""},"mobile":{"background-color":"var(--ast-global-color-5)","background-image":"","background-repeat":"repeat","background-position":"center center","background-size":"auto","background-attachment":"scroll","background-type":"","background-media":"","overlay-type":"","overlay-color":"","overlay-opacity":"","overlay-gradient":""}},"footnotes":""},"class_list":["post-9888","page","type-page","status-publish","hentry"],"_links":{"self":[{"href":"https:\/\/parkinsonysalud.neuronadigital.es\/pt-pt\/wp-json\/wp\/v2\/pages\/9888","targetHints":{"allow":["GET"]}}],"collection":[{"href":"https:\/\/parkinsonysalud.neuronadigital.es\/pt-pt\/wp-json\/wp\/v2\/pages"}],"about":[{"href":"https:\/\/parkinsonysalud.neuronadigital.es\/pt-pt\/wp-json\/wp\/v2\/types\/page"}],"author":[{"embeddable":true,"href":"https:\/\/parkinsonysalud.neuronadigital.es\/pt-pt\/wp-json\/wp\/v2\/users\/1"}],"replies":[{"embeddable":true,"href":"https:\/\/parkinsonysalud.neuronadigital.es\/pt-pt\/wp-json\/wp\/v2\/comments?post=9888"}],"version-history":[{"count":0,"href":"https:\/\/parkinsonysalud.neuronadigital.es\/pt-pt\/wp-json\/wp\/v2\/pages\/9888\/revisions"}],"wp:attachment":[{"href":"https:\/\/parkinsonysalud.neuronadigital.es\/pt-pt\/wp-json\/wp\/v2\/media?parent=9888"}],"curies":[{"name":"wp","href":"https:\/\/api.w.org\/{rel}","templated":true}]}}