{"id":9891,"date":"2018-04-12T14:13:16","date_gmt":"2018-04-12T12:13:16","guid":{"rendered":"https:\/\/parkinsonysalud.neuronadigital.es\/testimonios\/"},"modified":"2026-03-25T18:45:10","modified_gmt":"2026-03-25T16:45:10","slug":"testemunhos","status":"publish","type":"page","link":"https:\/\/parkinsonysalud.neuronadigital.es\/pt-pt\/testemunhos\/","title":{"rendered":"Testemunhos"},"content":{"rendered":"\t\t<div data-elementor-type=\"wp-page\" data-elementor-id=\"9891\" class=\"elementor elementor-9891 elementor-1624\" data-elementor-post-type=\"page\">\n\t\t\t\t<div class=\"elementor-element elementor-element-a351acd e-flex e-con-boxed e-con e-parent\" data-id=\"a351acd\" data-element_type=\"container\" data-e-type=\"container\" data-settings=\"{&quot;background_background&quot;:&quot;classic&quot;}\">\n\t\t\t\t\t<div class=\"e-con-inner\">\n\t\t<div class=\"elementor-element elementor-element-4647fc5e e-con-full e-flex e-con e-child\" data-id=\"4647fc5e\" data-element_type=\"container\" data-e-type=\"container\">\n\t\t\t\t<div class=\"elementor-element elementor-element-23917124 elementor-widget elementor-widget-heading\" data-id=\"23917124\" data-element_type=\"widget\" data-e-type=\"widget\" data-widget_type=\"heading.default\">\n\t\t\t\t<div class=\"elementor-widget-container\">\n\t\t\t\t\t<h1 class=\"elementor-heading-title elementor-size-default\">Testemunhos<\/h1>\t\t\t\t<\/div>\n\t\t\t\t<\/div>\n\t\t\t\t<\/div>\n\t\t\t\t\t<\/div>\n\t\t\t\t<\/div>\n\t\t<div class=\"elementor-element elementor-element-745bc953 e-flex e-con-boxed e-con e-parent\" data-id=\"745bc953\" data-element_type=\"container\" data-e-type=\"container\" data-settings=\"{&quot;background_background&quot;:&quot;classic&quot;}\">\n\t\t\t\t\t<div class=\"e-con-inner\">\n\t\t<div class=\"elementor-element elementor-element-6eba3db9 e-con-full e-flex e-con e-child\" data-id=\"6eba3db9\" data-element_type=\"container\" data-e-type=\"container\">\n\t\t<div class=\"elementor-element elementor-element-751101f0 e-con-full e-flex e-con e-child\" data-id=\"751101f0\" data-element_type=\"container\" data-e-type=\"container\">\n\t\t<div class=\"elementor-element elementor-element-bb72f2a e-con-full e-flex e-con e-child\" data-id=\"bb72f2a\" data-element_type=\"container\" data-e-type=\"container\">\n\t\t\t\t<div class=\"elementor-element elementor-element-1408ec87 elementor-widget elementor-widget-image\" data-id=\"1408ec87\" data-element_type=\"widget\" data-e-type=\"widget\" data-widget_type=\"image.default\">\n\t\t\t\t<div class=\"elementor-widget-container\">\n\t\t\t\t\t\t\t\t\t\t\t\t\t\t\t<img fetchpriority=\"high\" decoding=\"async\" width=\"400\" height=\"550\" src=\"https:\/\/parkinsonysalud.neuronadigital.es\/wp-content\/uploads\/2025\/07\/seccion-testimonio-Parkinson.jpg\" class=\"attachment-full size-full wp-image-9899\" alt=\"sec\u00e7\u00e3o testemunho Parkinson\" srcset=\"https:\/\/parkinsonysalud.neuronadigital.es\/wp-content\/uploads\/2025\/07\/seccion-testimonio-Parkinson.jpg 400w, https:\/\/parkinsonysalud.neuronadigital.es\/wp-content\/uploads\/2025\/07\/seccion-testimonio-Parkinson-218x300.jpg 218w\" sizes=\"(max-width: 400px) 100vw, 400px\" \/>\t\t\t\t\t\t\t\t\t\t\t\t\t\t\t<\/div>\n\t\t\t\t<\/div>\n\t\t\t\t<\/div>\n\t\t<div class=\"elementor-element elementor-element-12d78c28 e-con-full e-flex e-con e-child\" data-id=\"12d78c28\" data-element_type=\"container\" data-e-type=\"container\">\n\t\t\t\t<div class=\"elementor-element elementor-element-456be545 elementor-widget elementor-widget-heading\" data-id=\"456be545\" data-element_type=\"widget\" data-e-type=\"widget\" data-widget_type=\"heading.default\">\n\t\t\t\t<div class=\"elementor-widget-container\">\n\t\t\t\t\t<h2 class=\"elementor-heading-title elementor-size-default\">TESTEMUNHOS TRATAMENTO PARKINSON<\/h2>\t\t\t\t<\/div>\n\t\t\t\t<\/div>\n\t\t\t\t<div class=\"elementor-element elementor-element-17958632 elementor-widget elementor-widget-text-editor\" data-id=\"17958632\" data-element_type=\"widget\" data-e-type=\"widget\" data-widget_type=\"text-editor.default\">\n\t\t\t\t<div class=\"elementor-widget-container\">\n\t\t\t\t\t\t\t\t\t<p>Convidamo-lo\/a a ver os testemunhos de alguns doentes de refer\u00eancia tratados por Parkinson no nosso centro. A sua experi\u00eancia \u00e9 a melhor forma de ilustrar os benef\u00edcios deste tratamento eficaz.<\/p>\t\t\t\t\t\t\t\t<\/div>\n\t\t\t\t<\/div>\n\t\t\t\t<div class=\"elementor-element elementor-element-cfe789a elementor-mobile-align-center elementor-widget elementor-widget-button\" data-id=\"cfe789a\" data-element_type=\"widget\" data-e-type=\"widget\" data-widget_type=\"button.default\">\n\t\t\t\t<div class=\"elementor-widget-container\">\n\t\t\t\t\t\t\t\t\t<div class=\"elementor-button-wrapper\">\n\t\t\t\t\t<a class=\"elementor-button elementor-button-link elementor-size-sm\" href=\"https:\/\/parkinsonysalud.neuronadigital.es\/pt-pt\/testemunhos-tratamento-parkinson\/\">\n\t\t\t\t\t\t<span class=\"elementor-button-content-wrapper\">\n\t\t\t\t\t\t\t\t\t<span class=\"elementor-button-text\">Ver testemunhos<\/span>\n\t\t\t\t\t<\/span>\n\t\t\t\t\t<\/a>\n\t\t\t\t<\/div>\n\t\t\t\t\t\t\t\t<\/div>\n\t\t\t\t<\/div>\n\t\t\t\t<\/div>\n\t\t\t\t<\/div>\n\t\t<div class=\"elementor-element elementor-element-28df3b79 e-con-full e-flex e-con e-child\" data-id=\"28df3b79\" data-element_type=\"container\" data-e-type=\"container\" data-settings=\"{&quot;background_background&quot;:&quot;classic&quot;}\">\n\t\t<div class=\"elementor-element elementor-element-290db6af e-con-full e-flex e-con e-child\" data-id=\"290db6af\" data-element_type=\"container\" data-e-type=\"container\">\n\t\t\t\t<div class=\"elementor-element elementor-element-5fa6b706 elementor-widget elementor-widget-heading\" data-id=\"5fa6b706\" data-element_type=\"widget\" data-e-type=\"widget\" data-widget_type=\"heading.default\">\n\t\t\t\t<div class=\"elementor-widget-container\">\n\t\t\t\t\t<h2 class=\"elementor-heading-title elementor-size-default\">TESTEMUNHOS TRATAMENTO ALZHEIMER<\/h2>\t\t\t\t<\/div>\n\t\t\t\t<\/div>\n\t\t\t\t<div class=\"elementor-element elementor-element-3f7f76f elementor-widget elementor-widget-text-editor\" data-id=\"3f7f76f\" data-element_type=\"widget\" data-e-type=\"widget\" data-widget_type=\"text-editor.default\">\n\t\t\t\t<div class=\"elementor-widget-container\">\n\t\t\t\t\t\t\t\t\t<p>Convidamo-lo\/a a ver os testemunhos de alguns doentes de refer\u00eancia tratados por Alzheimer no nosso centro. A sua experi\u00eancia \u00e9 a melhor forma de ilustrar os benef\u00edcios deste tratamento eficaz.<\/p>\t\t\t\t\t\t\t\t<\/div>\n\t\t\t\t<\/div>\n\t\t\t\t<div class=\"elementor-element elementor-element-fa4e958 elementor-mobile-align-center elementor-widget elementor-widget-button\" data-id=\"fa4e958\" data-element_type=\"widget\" data-e-type=\"widget\" data-widget_type=\"button.default\">\n\t\t\t\t<div class=\"elementor-widget-container\">\n\t\t\t\t\t\t\t\t\t<div class=\"elementor-button-wrapper\">\n\t\t\t\t\t<a class=\"elementor-button elementor-button-link elementor-size-sm\" href=\"https:\/\/parkinsonysalud.neuronadigital.es\/pt-pt\/testimonios-tratamiento-alzheimer\/\">\n\t\t\t\t\t\t<span class=\"elementor-button-content-wrapper\">\n\t\t\t\t\t\t\t\t\t<span class=\"elementor-button-text\">Ver testemunhos<\/span>\n\t\t\t\t\t<\/span>\n\t\t\t\t\t<\/a>\n\t\t\t\t<\/div>\n\t\t\t\t\t\t\t\t<\/div>\n\t\t\t\t<\/div>\n\t\t\t\t<\/div>\n\t\t<div class=\"elementor-element elementor-element-4be7bb70 e-con-full e-flex e-con e-child\" data-id=\"4be7bb70\" data-element_type=\"container\" data-e-type=\"container\">\n\t\t\t\t<div class=\"elementor-element elementor-element-3868a4df elementor-widget elementor-widget-image\" data-id=\"3868a4df\" data-element_type=\"widget\" data-e-type=\"widget\" data-widget_type=\"image.default\">\n\t\t\t\t<div class=\"elementor-widget-container\">\n\t\t\t\t\t\t\t\t\t\t\t\t\t\t\t<img decoding=\"async\" width=\"400\" height=\"550\" src=\"https:\/\/parkinsonysalud.neuronadigital.es\/wp-content\/uploads\/2025\/07\/seccion-testimonio-Alzheimer.jpg\" class=\"attachment-full size-full wp-image-9897\" alt=\"sec\u00e7\u00e3o testemunho Alzheimer\" srcset=\"https:\/\/parkinsonysalud.neuronadigital.es\/wp-content\/uploads\/2025\/07\/seccion-testimonio-Alzheimer.jpg 400w, https:\/\/parkinsonysalud.neuronadigital.es\/wp-content\/uploads\/2025\/07\/seccion-testimonio-Alzheimer-218x300.jpg 218w\" sizes=\"(max-width: 400px) 100vw, 400px\" \/>\t\t\t\t\t\t\t\t\t\t\t\t\t\t\t<\/div>\n\t\t\t\t<\/div>\n\t\t\t\t<\/div>\n\t\t\t\t<\/div>\n\t\t<div class=\"elementor-element elementor-element-293fb9c2 e-con-full e-flex e-con e-child\" data-id=\"293fb9c2\" data-element_type=\"container\" data-e-type=\"container\">\n\t\t<div class=\"elementor-element elementor-element-176a585c e-con-full e-flex e-con e-child\" data-id=\"176a585c\" data-element_type=\"container\" data-e-type=\"container\">\n\t\t\t\t<div class=\"elementor-element elementor-element-3a042c22 elementor-widget elementor-widget-image\" data-id=\"3a042c22\" data-element_type=\"widget\" data-e-type=\"widget\" data-widget_type=\"image.default\">\n\t\t\t\t<div class=\"elementor-widget-container\">\n\t\t\t\t\t\t\t\t\t\t\t\t\t\t\t<img decoding=\"async\" width=\"400\" height=\"550\" src=\"https:\/\/parkinsonysalud.neuronadigital.es\/wp-content\/uploads\/2025\/07\/seccion-testimonio-otros-tratamientos.jpg\" class=\"attachment-full size-full wp-image-9898\" alt=\"sec\u00e7\u00e3o testemunho outros tratamentos\" srcset=\"https:\/\/parkinsonysalud.neuronadigital.es\/wp-content\/uploads\/2025\/07\/seccion-testimonio-otros-tratamientos.jpg 400w, https:\/\/parkinsonysalud.neuronadigital.es\/wp-content\/uploads\/2025\/07\/seccion-testimonio-otros-tratamientos-218x300.jpg 218w\" sizes=\"(max-width: 400px) 100vw, 400px\" \/>\t\t\t\t\t\t\t\t\t\t\t\t\t\t\t<\/div>\n\t\t\t\t<\/div>\n\t\t\t\t<\/div>\n\t\t<div class=\"elementor-element elementor-element-74d4de2d e-con-full e-flex e-con e-child\" data-id=\"74d4de2d\" data-element_type=\"container\" data-e-type=\"container\">\n\t\t\t\t<div class=\"elementor-element elementor-element-7eaff6b8 elementor-widget elementor-widget-heading\" data-id=\"7eaff6b8\" data-element_type=\"widget\" data-e-type=\"widget\" data-widget_type=\"heading.default\">\n\t\t\t\t<div class=\"elementor-widget-container\">\n\t\t\t\t\t<h2 class=\"elementor-heading-title elementor-size-default\">TESTEMUNHOS DE OUTRAS DOEN\u00c7AS<\/h2>\t\t\t\t<\/div>\n\t\t\t\t<\/div>\n\t\t\t\t<div class=\"elementor-element elementor-element-6d84e0ef elementor-widget elementor-widget-text-editor\" data-id=\"6d84e0ef\" data-element_type=\"widget\" data-e-type=\"widget\" data-widget_type=\"text-editor.default\">\n\t\t\t\t<div class=\"elementor-widget-container\">\n\t\t\t\t\t\t\t\t\t<p>Convidamo-lo\/a a ver os testemunhos de alguns doentes de refer\u00eancia tratados por SPI, Esclerose M\u00faltipla, Epilepsia e outras doen\u00e7as neurodegenerativas. A sua experi\u00eancia \u00e9 a melhor forma de ilustrar os benef\u00edcios deste tratamento eficaz.<\/p>\t\t\t\t\t\t\t\t<\/div>\n\t\t\t\t<\/div>\n\t\t\t\t<div class=\"elementor-element elementor-element-dfca116 elementor-mobile-align-center elementor-widget elementor-widget-button\" data-id=\"dfca116\" data-element_type=\"widget\" data-e-type=\"widget\" data-widget_type=\"button.default\">\n\t\t\t\t<div class=\"elementor-widget-container\">\n\t\t\t\t\t\t\t\t\t<div class=\"elementor-button-wrapper\">\n\t\t\t\t\t<a class=\"elementor-button elementor-button-link elementor-size-sm\" href=\"https:\/\/parkinsonysalud.neuronadigital.es\/pt-pt\/tratamento-de-outras-doencas\/\">\n\t\t\t\t\t\t<span class=\"elementor-button-content-wrapper\">\n\t\t\t\t\t\t\t\t\t<span class=\"elementor-button-text\">Ver testemunhos<\/span>\n\t\t\t\t\t<\/span>\n\t\t\t\t\t<\/a>\n\t\t\t\t<\/div>\n\t\t\t\t\t\t\t\t<\/div>\n\t\t\t\t<\/div>\n\t\t\t\t<\/div>\n\t\t\t\t<\/div>\n\t\t\t\t<\/div>\n\t\t\t\t\t<\/div>\n\t\t\t\t<\/div>\n\t\t<div class=\"elementor-element elementor-element-53593832 e-flex e-con-boxed e-con e-parent\" data-id=\"53593832\" data-element_type=\"container\" data-e-type=\"container\" data-settings=\"{&quot;background_background&quot;:&quot;classic&quot;}\">\n\t\t\t\t\t<div class=\"e-con-inner\">\n\t\t<div class=\"elementor-element elementor-element-311e4c00 e-con-full e-flex e-con e-child\" data-id=\"311e4c00\" data-element_type=\"container\" data-e-type=\"container\">\n\t\t\t\t<div class=\"elementor-element elementor-element-21dc699 elementor-widget elementor-widget-heading\" data-id=\"21dc699\" data-element_type=\"widget\" data-e-type=\"widget\" data-widget_type=\"heading.default\">\n\t\t\t\t<div class=\"elementor-widget-container\">\n\t\t\t\t\t<h2 class=\"elementor-heading-title elementor-size-default\">Tratamentos no seu pa\u00eds<\/h2>\t\t\t\t<\/div>\n\t\t\t\t<\/div>\n\t\t\t\t<div class=\"elementor-element elementor-element-4d791b19 elementor-widget elementor-widget-heading\" data-id=\"4d791b19\" data-element_type=\"widget\" data-e-type=\"widget\" data-widget_type=\"heading.default\">\n\t\t\t\t<div class=\"elementor-widget-container\">\n\t\t\t\t\t<span class=\"elementor-heading-title elementor-size-default\">Deslocamo-nos a qualquer pa\u00eds da Am\u00e9rica Latina para realizar o tratamento.<\/span>\t\t\t\t<\/div>\n\t\t\t\t<\/div>\n\t\t\t\t<div class=\"elementor-element elementor-element-5de47e98 elementor-tablet-align-center elementor-widget elementor-widget-button\" data-id=\"5de47e98\" data-element_type=\"widget\" data-e-type=\"widget\" data-widget_type=\"button.default\">\n\t\t\t\t<div class=\"elementor-widget-container\">\n\t\t\t\t\t\t\t\t\t<div class=\"elementor-button-wrapper\">\n\t\t\t\t\t<a class=\"elementor-button elementor-button-link elementor-size-sm\" href=\"https:\/\/parkinsonysalud.neuronadigital.es\/pt-pt\/terapia-no-seu-pais\/\">\n\t\t\t\t\t\t<span class=\"elementor-button-content-wrapper\">\n\t\t\t\t\t\t\t\t\t<span class=\"elementor-button-text\">Entre em contacto connosco<\/span>\n\t\t\t\t\t<\/span>\n\t\t\t\t\t<\/a>\n\t\t\t\t<\/div>\n\t\t\t\t\t\t\t\t<\/div>\n\t\t\t\t<\/div>\n\t\t\t\t<\/div>\n\t\t\t\t<div class=\"elementor-element elementor-element-5134798c elementor-widget elementor-widget-image\" data-id=\"5134798c\" data-element_type=\"widget\" data-e-type=\"widget\" data-widget_type=\"image.default\">\n\t\t\t\t<div class=\"elementor-widget-container\">\n\t\t\t\t\t\t\t\t\t\t\t\t\t\t\t<img loading=\"lazy\" decoding=\"async\" width=\"820\" height=\"550\" src=\"https:\/\/parkinsonysalud.neuronadigital.es\/wp-content\/uploads\/2026\/03\/parkinson-y-salud-paciente-paraguay.jpg\" class=\"attachment-full size-full wp-image-13828\" alt=\"\" srcset=\"https:\/\/parkinsonysalud.neuronadigital.es\/wp-content\/uploads\/2026\/03\/parkinson-y-salud-paciente-paraguay.jpg 820w, https:\/\/parkinsonysalud.neuronadigital.es\/wp-content\/uploads\/2026\/03\/parkinson-y-salud-paciente-paraguay-300x201.jpg 300w, https:\/\/parkinsonysalud.neuronadigital.es\/wp-content\/uploads\/2026\/03\/parkinson-y-salud-paciente-paraguay-768x515.jpg 768w\" sizes=\"(max-width: 820px) 100vw, 820px\" \/>\t\t\t\t\t\t\t\t\t\t\t\t\t\t\t<\/div>\n\t\t\t\t<\/div>\n\t\t\t\t\t<\/div>\n\t\t\t\t<\/div>\n\t\t\t\t<\/div>\n\t\t","protected":false},"excerpt":{"rendered":"<p>Testemunhos TESTEMUNHOS TRATAMENTO PARKINSON Convidamo-lo\/a a ver os testemunhos de alguns doentes de refer\u00eancia tratados por Parkinson no nosso centro. A sua experi\u00eancia \u00e9 a melhor forma de ilustrar os benef\u00edcios deste tratamento eficaz. Ver testemunhos TESTEMUNHOS TRATAMENTO ALZHEIMER Convidamo-lo\/a a ver os testemunhos de alguns doentes de refer\u00eancia tratados por Alzheimer no nosso centro. [&hellip;]<\/p>\n","protected":false},"author":1,"featured_media":9759,"parent":0,"menu_order":0,"comment_status":"closed","ping_status":"closed","template":"","meta":{"site-sidebar-layout":"no-sidebar","site-content-layout":"page-builder","ast-site-content-layout":"full-width-container","site-content-style":"unboxed","site-sidebar-style":"unboxed","ast-global-header-display":"","ast-banner-title-visibility":"","ast-main-header-display":"","ast-hfb-above-header-display":"","ast-hfb-below-header-display":"","ast-hfb-mobile-header-display":"","site-post-title":"disabled","ast-breadcrumbs-content":"","ast-featured-img":"disabled","footer-sml-layout":"","ast-disable-related-posts":"","theme-transparent-header-meta":"default","adv-header-id-meta":"","stick-header-meta":"default","header-above-stick-meta":"","header-main-stick-meta":"","header-below-stick-meta":"","astra-migrate-meta-layouts":"set","ast-page-background-enabled":"default","ast-page-background-meta":{"desktop":{"background-color":"","background-image":"","background-repeat":"repeat","background-position":"center center","background-size":"auto","background-attachment":"scroll","background-type":"","background-media":"","overlay-type":"","overlay-color":"","overlay-opacity":"","overlay-gradient":""},"tablet":{"background-color":"","background-image":"","background-repeat":"repeat","background-position":"center center","background-size":"auto","background-attachment":"scroll","background-type":"","background-media":"","overlay-type":"","overlay-color":"","overlay-opacity":"","overlay-gradient":""},"mobile":{"background-color":"","background-image":"","background-repeat":"repeat","background-position":"center center","background-size":"auto","background-attachment":"scroll","background-type":"","background-media":"","overlay-type":"","overlay-color":"","overlay-opacity":"","overlay-gradient":""}},"ast-content-background-meta":{"desktop":{"background-color":"var(--ast-global-color-5)","background-image":"","background-repeat":"repeat","background-position":"center center","background-size":"auto","background-attachment":"scroll","background-type":"","background-media":"","overlay-type":"","overlay-color":"","overlay-opacity":"","overlay-gradient":""},"tablet":{"background-color":"var(--ast-global-color-5)","background-image":"","background-repeat":"repeat","background-position":"center center","background-size":"auto","background-attachment":"scroll","background-type":"","background-media":"","overlay-type":"","overlay-color":"","overlay-opacity":"","overlay-gradient":""},"mobile":{"background-color":"var(--ast-global-color-5)","background-image":"","background-repeat":"repeat","background-position":"center center","background-size":"auto","background-attachment":"scroll","background-type":"","background-media":"","overlay-type":"","overlay-color":"","overlay-opacity":"","overlay-gradient":""}},"footnotes":""},"class_list":["post-9891","page","type-page","status-publish","has-post-thumbnail","hentry"],"_links":{"self":[{"href":"https:\/\/parkinsonysalud.neuronadigital.es\/pt-pt\/wp-json\/wp\/v2\/pages\/9891","targetHints":{"allow":["GET"]}}],"collection":[{"href":"https:\/\/parkinsonysalud.neuronadigital.es\/pt-pt\/wp-json\/wp\/v2\/pages"}],"about":[{"href":"https:\/\/parkinsonysalud.neuronadigital.es\/pt-pt\/wp-json\/wp\/v2\/types\/page"}],"author":[{"embeddable":true,"href":"https:\/\/parkinsonysalud.neuronadigital.es\/pt-pt\/wp-json\/wp\/v2\/users\/1"}],"replies":[{"embeddable":true,"href":"https:\/\/parkinsonysalud.neuronadigital.es\/pt-pt\/wp-json\/wp\/v2\/comments?post=9891"}],"version-history":[{"count":0,"href":"https:\/\/parkinsonysalud.neuronadigital.es\/pt-pt\/wp-json\/wp\/v2\/pages\/9891\/revisions"}],"wp:featuredmedia":[{"embeddable":true,"href":"https:\/\/parkinsonysalud.neuronadigital.es\/pt-pt\/wp-json\/wp\/v2\/media\/9759"}],"wp:attachment":[{"href":"https:\/\/parkinsonysalud.neuronadigital.es\/pt-pt\/wp-json\/wp\/v2\/media?parent=9891"}],"curies":[{"name":"wp","href":"https:\/\/api.w.org\/{rel}","templated":true}]}}