{"id":9934,"date":"2021-08-19T13:35:31","date_gmt":"2021-08-19T11:35:31","guid":{"rendered":"https:\/\/parkinsonysalud.neuronadigital.es\/aviso-legal\/"},"modified":"2025-12-16T11:46:25","modified_gmt":"2025-12-16T09:46:25","slug":"aviso-legal","status":"publish","type":"page","link":"https:\/\/parkinsonysalud.neuronadigital.es\/pt-pt\/aviso-legal\/","title":{"rendered":"Aviso Legal"},"content":{"rendered":"\t\t<div data-elementor-type=\"wp-page\" data-elementor-id=\"9934\" class=\"elementor elementor-9934 elementor-3697\" data-elementor-post-type=\"page\">\n\t\t\t\t<div class=\"elementor-element elementor-element-3f9f3ff6 e-con-full e-flex e-con e-parent\" data-id=\"3f9f3ff6\" data-element_type=\"container\" data-e-type=\"container\" data-settings=\"{&quot;background_background&quot;:&quot;classic&quot;}\">\n\t\t<div class=\"elementor-element elementor-element-325bd092 e-con-full e-flex e-con e-child\" data-id=\"325bd092\" data-element_type=\"container\" data-e-type=\"container\">\n\t\t<div class=\"elementor-element elementor-element-714a001c e-con-full e-flex e-con e-child\" data-id=\"714a001c\" data-element_type=\"container\" data-e-type=\"container\">\n\t\t<div class=\"elementor-element elementor-element-bdd78a5 e-con-full e-flex e-con e-child\" data-id=\"bdd78a5\" data-element_type=\"container\" data-e-type=\"container\">\n\t\t\t\t<div class=\"elementor-element elementor-element-2a998490 elementor-widget elementor-widget-heading\" data-id=\"2a998490\" data-element_type=\"widget\" data-e-type=\"widget\" data-widget_type=\"heading.default\">\n\t\t\t\t<div class=\"elementor-widget-container\">\n\t\t\t\t\t<h1 class=\"elementor-heading-title elementor-size-default\">Aviso Legal<\/h1>\t\t\t\t<\/div>\n\t\t\t\t<\/div>\n\t\t\t\t<\/div>\n\t\t\t\t<\/div>\n\t\t\t\t<\/div>\n\t\t\t\t<\/div>\n\t\t<div class=\"elementor-element elementor-element-5171ba4d e-flex e-con-boxed e-con e-parent\" data-id=\"5171ba4d\" data-element_type=\"container\" data-e-type=\"container\" data-settings=\"{&quot;background_background&quot;:&quot;classic&quot;}\">\n\t\t\t\t\t<div class=\"e-con-inner\">\n\t\t<div class=\"elementor-element elementor-element-40f76ffa e-con-full e-flex e-con e-child\" data-id=\"40f76ffa\" data-element_type=\"container\" data-e-type=\"container\">\n\t\t<div class=\"elementor-element elementor-element-29dc7ce9 e-con-full e-flex e-con e-child\" data-id=\"29dc7ce9\" data-element_type=\"container\" data-e-type=\"container\">\n\t\t<div class=\"elementor-element elementor-element-4bafa3ca e-con-full e-flex e-con e-child\" data-id=\"4bafa3ca\" data-element_type=\"container\" data-e-type=\"container\">\n\t\t\t\t<div class=\"elementor-element elementor-element-79410fc9 elementor-widget__width-auto elementor-widget-divider--view-line elementor-widget elementor-widget-divider\" data-id=\"79410fc9\" data-element_type=\"widget\" data-e-type=\"widget\" data-widget_type=\"divider.default\">\n\t\t\t\t<div class=\"elementor-widget-container\">\n\t\t\t\t\t\t\t<div class=\"elementor-divider\">\n\t\t\t<span class=\"elementor-divider-separator\">\n\t\t\t\t\t\t<\/span>\n\t\t<\/div>\n\t\t\t\t\t\t<\/div>\n\t\t\t\t<\/div>\n\t\t\t\t<\/div>\n\t\t\t\t<\/div>\n\t\t\t\t<\/div>\n\t\t\t\t\t<\/div>\n\t\t\t\t<\/div>\n\t\t<div class=\"elementor-element elementor-element-34f72323 e-flex e-con-boxed e-con e-parent\" data-id=\"34f72323\" data-element_type=\"container\" data-e-type=\"container\">\n\t\t\t\t\t<div class=\"e-con-inner\">\n\t\t\t\t<div class=\"elementor-element elementor-element-3be13114 elementor-widget elementor-widget-text-editor\" data-id=\"3be13114\" data-element_type=\"widget\" data-e-type=\"widget\" data-widget_type=\"text-editor.default\">\n\t\t\t\t<div class=\"elementor-widget-container\">\n\t\t\t\t\t\t\t\t\t<div><strong>LEI DOS SERVI\u00c7OS DA SOCIEDADE DA INFORMA\u00c7\u00c3O (LSSI)<\/strong><\/div><div><div> <\/div><p>O Parkinson y Salud S.L., respons\u00e1vel pelo website, doravante designado RESPONS\u00c1VEL, disponibiliza aos utilizadores o presente documento, com o qual se pretende dar cumprimento \u00e0s obriga\u00e7\u00f5es dispostas na Lei 34\/2002, de 11 de julho, de Servi\u00e7os da Sociedade da Informa\u00e7\u00e3o e de Com\u00e9rcio Eletr\u00f3nico (LSSICE), BOE N.\u00ba 166, bem como informar todos os utilizadores do website sobre quais s\u00e3o as condi\u00e7\u00f5es de utiliza\u00e7\u00e3o.<\/p><div>Qualquer pessoa que aceda a este website assume o papel de utilizador, comprometendo-se \u00e0 observ\u00e2ncia e cumprimento rigoroso das disposi\u00e7\u00f5es aqui dispostas, assim como de qualquer outra disposi\u00e7\u00e3o legal que seja aplic\u00e1vel.<\/div><p>O Parkinson y Salud S.L. reserva-se o direito de modificar qualquer tipo de informa\u00e7\u00e3o que possa aparecer no website, sem que haja obriga\u00e7\u00e3o de pr\u00e9-avisar ou dar conhecimento aos utilizadores de tais obriga\u00e7\u00f5es, entendendo-se como suficiente a publica\u00e7\u00e3o no website do Parkinson y Salud S.L..<\/p><p><strong>1. DADOS DE IDENTIFICA\u00c7\u00c3O<\/strong><\/p><p>Nome de dom\u00ednio: parkinsonysalud.com<br>Nome comercial: Weracu<br>Denomina\u00e7\u00e3o social: Parkinson y Salud S.L.<br>NIF: B98389091<br>Sede social: Calle La Floresta, 18 Bajo 46022 Val\u00eancia<br>Telefone: 617310995<br>E-mail: alfredo@weracu.org<\/p><\/div><div> <\/div><div><strong>2. DIREITOS DE PROPRIEDADE INTELECTUAL E INDUSTRIAL<\/strong><\/div><div> <\/div><div>O website, incluindo, a t\u00edtulo meramente exemplificativo e n\u00e3o limitativo, a sua programa\u00e7\u00e3o, edi\u00e7\u00e3o, compila\u00e7\u00e3o e demais elementos necess\u00e1rios para o seu funcionamento, os designs, log\u00f3tipos, texto e\/ou gr\u00e1ficos, s\u00e3o propriedade do RESPONS\u00c1VEL ou, se for o caso, este disp\u00f5e de licen\u00e7a ou autoriza\u00e7\u00e3o expressa por parte dos autores. Todos os conte\u00fados do website est\u00e3o devidamente protegidos pela normativa de propriedade intelectual e industrial, bem como inscritos nos registos p\u00fablicos correspondentes. <\/div><div>Independentemente da finalidade a que se destinem, a reprodu\u00e7\u00e3o total ou parcial, uso, explora\u00e7\u00e3o, distribui\u00e7\u00e3o e comercializa\u00e7\u00e3o, requerem em todo o caso a autoriza\u00e7\u00e3o pr\u00e9via por escrito por parte do RESPONS\u00c1VEL. Qualquer uso n\u00e3o autorizado previamente \u00e9 considerado um incumprimento grave dos direitos de propriedade intelectual ou industrial do autor. <\/div><div>Os designs, log\u00f3tipos, texto e\/ou gr\u00e1ficos alheios ao RESPONS\u00c1VEL e que possam aparecer no website, pertencem aos seus respetivos propriet\u00e1rios, sendo estes os respons\u00e1veis por qualquer poss\u00edvel controv\u00e9rsia que possa surgir relativamente aos mesmos. O RESPONS\u00c1VEL autoriza expressamente que terceiros possam redirecionar diretamente para os conte\u00fados concretos do website, e em todo o caso redirecionar para o website principal parkinsonysalud.com. <\/div><div>O RESPONS\u00c1VEL reconhece a favor dos seus titulares os correspondentes direitos de propriedade intelectual e industrial, n\u00e3o implicando a sua simples men\u00e7\u00e3o ou aparecimento no website a exist\u00eancia de direitos ou responsabilidade alguma sobre os mesmos, nem tampouco apoio, patroc\u00ednio ou recomenda\u00e7\u00e3o por parte do mesmo.<\/div><div>Para realizar qualquer tipo de observa\u00e7\u00e3o relativamente a poss\u00edveis incumprimentos dos direitos de propriedade intelectual ou industrial, bem como sobre qualquer um dos conte\u00fados do website, pode faz\u00ea-lo atrav\u00e9s do correio eletr\u00f3nico alfredo@weracu.org.<\/div><div><strong>3. ISEN\u00c7\u00c3O DE RESPONSABILIDADES<\/strong><\/div><div> <\/div><div>O RESPONS\u00c1VEL exime-se de qualquer tipo de responsabilidade derivada da informa\u00e7\u00e3o publicada no seu website sempre que n\u00e3o tenha conhecimento efetivo de que esta informa\u00e7\u00e3o tenha sido manipulada ou introduzida por um terceiro alheio ao mesmo ou, se o tiver, tenha agido com dilig\u00eancia para retirar os dados ou tornar imposs\u00edvel o acesso aos mesmos.<\/div><div> <\/div><div><strong>Uso de Cookies<\/strong><\/div><div>Este website pode utilizar cookies t\u00e9cnicas (pequenos ficheiros de informa\u00e7\u00e3o que o servidor envia ao computador de quem acede \u00e0 p\u00e1gina) para levar a cabo determinadas fun\u00e7\u00f5es que s\u00e3o consideradas imprescind\u00edveis para o correto funcionamento e visualiza\u00e7\u00e3o do site. As cookies utilizadas t\u00eam, em todo o caso, car\u00e1cter tempor\u00e1rio, com a \u00fanica finalidade de tornar a navega\u00e7\u00e3o mais eficaz, e desaparecem ao terminar a sess\u00e3o do utilizador. Em caso algum, estas cookies fornecem por si mesmas dados de car\u00e1cter pessoal e n\u00e3o ser\u00e3o utilizadas para a sua recolha.  <\/div><div>Mediante o uso de cookies tamb\u00e9m \u00e9 poss\u00edvel que o servidor onde se encontra a web reconhe\u00e7a o navegador utilizado pelo utilizador com a finalidade de que a navega\u00e7\u00e3o seja mais simples, permitindo, por exemplo, o acesso dos utilizadores que se tenham registado previamente \u00e0s \u00e1reas, servi\u00e7os, promo\u00e7\u00f5es ou concursos reservados exclusivamente para eles sem terem de se registar em cada visita. Tamb\u00e9m se podem utilizar para medir a audi\u00eancia, par\u00e2metros de tr\u00e1fego, controlar o progresso e n\u00famero de entradas, etc., sendo nestes casos cookies tecnicamente dispens\u00e1veis, mas ben\u00e9ficas para o utilizador. Este website n\u00e3o instalar\u00e1 cookies dispens\u00e1veis sem o consentimento pr\u00e9vio do utilizador.  <\/div><div>Este website utiliza cookies pr\u00f3prias e de terceiros para fins anal\u00edticos e para lhe mostrar publicidade personalizada com base num perfil elaborado a partir dos seus h\u00e1bitos de navega\u00e7\u00e3o (por exemplo, p\u00e1ginas visitadas). Todo o utilizador que visita a web \u00e9 informado sobre o uso destas cookies atrav\u00e9s de um banner flutuante. Caso aceite a sua utiliza\u00e7\u00e3o, o banner desaparecer\u00e1, embora possa revogar o consentimento a qualquer momento e obter mais informa\u00e7\u00f5es consultando a nossa Pol\u00edtica de cookies.  <\/div><div>O utilizador tem a possibilidade de configurar o seu navegador para ser alertado da rece\u00e7\u00e3o de cookies e para impedir a sua instala\u00e7\u00e3o no seu equipamento. Por favor, consulte as instru\u00e7\u00f5es do seu navegador para ampliar esta informa\u00e7\u00e3o. <\/div><div><strong>Pol\u00edtica de Links<\/strong><\/div><div>A partir do website, \u00e9 poss\u00edvel que se redirecione para conte\u00fados de websites de terceiros. Dado que o RESPONS\u00c1VEL n\u00e3o pode controlar sempre os conte\u00fados introduzidos por terceiros nos seus respetivos websites, n\u00e3o assume qualquer tipo de responsabilidade relativamente a tais conte\u00fados. Em todo o caso, proceder\u00e1 \u00e0 retirada imediata de qualquer conte\u00fado que possa contravenir a legisla\u00e7\u00e3o nacional ou internacional, a moral ou a ordem p\u00fablica, procedendo \u00e0 retirada imediata do redirecionamento para o referido website, e dando conhecimento \u00e0s autoridades competentes do conte\u00fado em quest\u00e3o.  <\/div><div>O RESPONS\u00c1VEL n\u00e3o se responsabiliza pela informa\u00e7\u00e3o e conte\u00fados armazenados, a t\u00edtulo meramente exemplificativo e n\u00e3o limitativo, em f\u00f3runs, chats, geradores de blogs, coment\u00e1rios, redes sociais ou qualquer outro meio que permita a terceiros publicar conte\u00fados de forma independente na p\u00e1gina web do RESPONS\u00c1VEL. No entanto, e em cumprimento do disposto nos artigos 11 e 16 da LSSICE, \u00e9 disponibilizada a todos os utilizadores, autoridades e for\u00e7as de seguran\u00e7a, colaborando de forma ativa na retirada ou, se for o caso, bloqueio de todos os conte\u00fados que possam afetar ou contravenir a legisla\u00e7\u00e3o nacional ou internacional, os direitos de terceiros ou a moral e a ordem p\u00fablica. Caso o utilizador considere que existe no website algum conte\u00fado que possa ser suscet\u00edvel desta classifica\u00e7\u00e3o, solicita-se que o notifique de forma imediata ao administrador do website.  <\/div><div>Este website foi revisto e testado para que funcione corretamente. Em princ\u00edpio, pode ser garantido o correto funcionamento 365 dias por ano, 24 horas por dia. No entanto, o RESPONS\u00c1VEL n\u00e3o descarta a possibilidade de existirem certos erros de programa\u00e7\u00e3o, ou que ocorram causas de for\u00e7a maior, cat\u00e1strofes naturais, greves ou circunst\u00e2ncias semelhantes que tornem imposs\u00edvel o acesso \u00e0 p\u00e1gina web.  <\/div><div><strong>Endere\u00e7os IP<\/strong><\/div><div>Os servidores do website poder\u00e3o detetar de forma autom\u00e1tica o endere\u00e7o IP e o nome de dom\u00ednio utilizados pelo utilizador. Um endere\u00e7o IP \u00e9 um n\u00famero atribu\u00eddo automaticamente a um computador quando este se conecta \u00e0 Internet. Toda esta informa\u00e7\u00e3o \u00e9 registada num ficheiro de atividade do servidor devidamente inscrito que permite o posterior processamento dos dados com o objetivo de obter medi\u00e7\u00f5es unicamente estat\u00edsticas que permitam conhecer o n\u00famero de impress\u00f5es de p\u00e1ginas, o n\u00famero de visitas realizadas aos servidores web, a ordem de visitas, o ponto de acesso, etc.  <\/div><div><strong>4. LEI APLIC\u00c1VEL E JURISDI\u00c7\u00c3O<\/strong><\/div><div> <\/div><div>Para a resolu\u00e7\u00e3o de todas as controv\u00e9rsias ou quest\u00f5es relacionadas com o presente website ou com as atividades nele desenvolvidas, ser\u00e1 aplic\u00e1vel a legisla\u00e7\u00e3o espanhola, \u00e0 qual as partes se submetem expressamente, sendo competentes para a resolu\u00e7\u00e3o de todos os conflitos derivados ou relacionados com a sua utiliza\u00e7\u00e3o os Tribunais do domic\u00edlio do UTILIZADOR ou o lugar do cumprimento da obriga\u00e7\u00e3o.<\/div><div><div><div><div><div><div><div><div><div><div><div><div><div> <\/div><\/div><\/div><\/div><\/div><\/div><\/div><\/div><\/div><\/div><\/div><\/div><\/div>\t\t\t\t\t\t\t\t<\/div>\n\t\t\t\t<\/div>\n\t\t\t\t\t<\/div>\n\t\t\t\t<\/div>\n\t\t<div class=\"elementor-element elementor-element-5465a5fd e-flex e-con-boxed e-con e-parent\" data-id=\"5465a5fd\" data-element_type=\"container\" data-e-type=\"container\">\n\t\t\t\t\t<div class=\"e-con-inner\">\n\t\t\t\t<div class=\"elementor-element elementor-element-344594a7 elementor-widget-divider--view-line elementor-widget elementor-widget-divider\" data-id=\"344594a7\" data-element_type=\"widget\" data-e-type=\"widget\" data-widget_type=\"divider.default\">\n\t\t\t\t<div class=\"elementor-widget-container\">\n\t\t\t\t\t\t\t<div class=\"elementor-divider\">\n\t\t\t<span class=\"elementor-divider-separator\">\n\t\t\t\t\t\t<\/span>\n\t\t<\/div>\n\t\t\t\t\t\t<\/div>\n\t\t\t\t<\/div>\n\t\t\t\t\t<\/div>\n\t\t\t\t<\/div>\n\t\t\t\t<\/div>\n\t\t","protected":false},"excerpt":{"rendered":"<p>Aviso Legal LEI DOS SERVI\u00c7OS DA SOCIEDADE DA INFORMA\u00c7\u00c3O (LSSI) O Parkinson y Salud S.L., respons\u00e1vel pelo website, doravante designado RESPONS\u00c1VEL, disponibiliza aos utilizadores o presente documento, com o qual se pretende dar cumprimento \u00e0s obriga\u00e7\u00f5es dispostas na Lei 34\/2002, de 11 de julho, de Servi\u00e7os da Sociedade da Informa\u00e7\u00e3o e de Com\u00e9rcio Eletr\u00f3nico (LSSICE), [&hellip;]<\/p>\n","protected":false},"author":1,"featured_media":0,"parent":0,"menu_order":0,"comment_status":"closed","ping_status":"closed","template":"elementor_header_footer","meta":{"site-sidebar-layout":"default","site-content-layout":"","ast-site-content-layout":"default","site-content-style":"default","site-sidebar-style":"default","ast-global-header-display":"","ast-banner-title-visibility":"","ast-main-header-display":"","ast-hfb-above-header-display":"","ast-hfb-below-header-display":"","ast-hfb-mobile-header-display":"","site-post-title":"","ast-breadcrumbs-content":"","ast-featured-img":"","footer-sml-layout":"","ast-disable-related-posts":"","theme-transparent-header-meta":"default","adv-header-id-meta":"","stick-header-meta":"default","header-above-stick-meta":"","header-main-stick-meta":"","header-below-stick-meta":"","astra-migrate-meta-layouts":"set","ast-page-background-enabled":"default","ast-page-background-meta":{"desktop":{"background-color":"","background-image":"","background-repeat":"repeat","background-position":"center center","background-size":"auto","background-attachment":"scroll","background-type":"","background-media":"","overlay-type":"","overlay-color":"","overlay-opacity":"","overlay-gradient":""},"tablet":{"background-color":"","background-image":"","background-repeat":"repeat","background-position":"center center","background-size":"auto","background-attachment":"scroll","background-type":"","background-media":"","overlay-type":"","overlay-color":"","overlay-opacity":"","overlay-gradient":""},"mobile":{"background-color":"","background-image":"","background-repeat":"repeat","background-position":"center center","background-size":"auto","background-attachment":"scroll","background-type":"","background-media":"","overlay-type":"","overlay-color":"","overlay-opacity":"","overlay-gradient":""}},"ast-content-background-meta":{"desktop":{"background-color":"var(--ast-global-color-5)","background-image":"","background-repeat":"repeat","background-position":"center center","background-size":"auto","background-attachment":"scroll","background-type":"","background-media":"","overlay-type":"","overlay-color":"","overlay-opacity":"","overlay-gradient":""},"tablet":{"background-color":"var(--ast-global-color-5)","background-image":"","background-repeat":"repeat","background-position":"center center","background-size":"auto","background-attachment":"scroll","background-type":"","background-media":"","overlay-type":"","overlay-color":"","overlay-opacity":"","overlay-gradient":""},"mobile":{"background-color":"var(--ast-global-color-5)","background-image":"","background-repeat":"repeat","background-position":"center center","background-size":"auto","background-attachment":"scroll","background-type":"","background-media":"","overlay-type":"","overlay-color":"","overlay-opacity":"","overlay-gradient":""}},"footnotes":""},"class_list":["post-9934","page","type-page","status-publish","hentry"],"_links":{"self":[{"href":"https:\/\/parkinsonysalud.neuronadigital.es\/pt-pt\/wp-json\/wp\/v2\/pages\/9934","targetHints":{"allow":["GET"]}}],"collection":[{"href":"https:\/\/parkinsonysalud.neuronadigital.es\/pt-pt\/wp-json\/wp\/v2\/pages"}],"about":[{"href":"https:\/\/parkinsonysalud.neuronadigital.es\/pt-pt\/wp-json\/wp\/v2\/types\/page"}],"author":[{"embeddable":true,"href":"https:\/\/parkinsonysalud.neuronadigital.es\/pt-pt\/wp-json\/wp\/v2\/users\/1"}],"replies":[{"embeddable":true,"href":"https:\/\/parkinsonysalud.neuronadigital.es\/pt-pt\/wp-json\/wp\/v2\/comments?post=9934"}],"version-history":[{"count":0,"href":"https:\/\/parkinsonysalud.neuronadigital.es\/pt-pt\/wp-json\/wp\/v2\/pages\/9934\/revisions"}],"wp:attachment":[{"href":"https:\/\/parkinsonysalud.neuronadigital.es\/pt-pt\/wp-json\/wp\/v2\/media?parent=9934"}],"curies":[{"name":"wp","href":"https:\/\/api.w.org\/{rel}","templated":true}]}}